{"id":1480,"date":"2023-04-11T09:00:29","date_gmt":"2023-04-11T07:00:29","guid":{"rendered":"https:\/\/dtstc.ugr.es\/neus-cslab\/?page_id=1480"},"modified":"2025-07-28T12:41:34","modified_gmt":"2025-07-28T10:41:34","slug":"libros","status":"publish","type":"page","link":"https:\/\/dtstc.ugr.es\/neus-cslab\/publicaciones\/libros\/","title":{"rendered":"Publicaciones &#8211; Libros"},"content":{"rendered":"\t\t<div data-elementor-type=\"wp-page\" data-elementor-id=\"1480\" class=\"elementor elementor-1480\">\n\t\t\t\t\t\t<section class=\"elementor-section elementor-top-section elementor-element elementor-element-8cabec4 elementor-section-boxed elementor-section-height-default elementor-section-height-default\" data-id=\"8cabec4\" data-element_type=\"section\" data-e-type=\"section\">\n\t\t\t\t\t\t<div class=\"elementor-container elementor-column-gap-default\">\n\t\t\t\t\t<div class=\"elementor-column elementor-col-100 elementor-top-column elementor-element elementor-element-08216ed\" data-id=\"08216ed\" data-element_type=\"column\" data-e-type=\"column\">\n\t\t\t<div class=\"elementor-widget-wrap elementor-element-populated\">\n\t\t\t\t\t\t<section class=\"elementor-section elementor-inner-section elementor-element elementor-element-9500728 elementor-section-boxed elementor-section-height-default elementor-section-height-default\" data-id=\"9500728\" data-element_type=\"section\" data-e-type=\"section\">\n\t\t\t\t\t\t<div class=\"elementor-container elementor-column-gap-default\">\n\t\t\t\t\t<div class=\"elementor-column elementor-col-16 elementor-inner-column elementor-element elementor-element-d3dfd7c\" data-id=\"d3dfd7c\" data-element_type=\"column\" data-e-type=\"column\">\n\t\t\t<div class=\"elementor-widget-wrap elementor-element-populated\">\n\t\t\t\t\t\t<div class=\"elementor-element elementor-element-0261190 elementor-align-center full-btn elementor-widget elementor-widget-button\" data-id=\"0261190\" data-element_type=\"widget\" data-e-type=\"widget\" data-widget_type=\"button.default\">\n\t\t\t\t<div class=\"elementor-widget-container\">\n\t\t\t\t\t\t\t\t\t<div class=\"elementor-button-wrapper\">\n\t\t\t\t\t<a class=\"elementor-button elementor-button-link elementor-size-md\" href=\"\/neus-cslab\/revistas\">\n\t\t\t\t\t\t<span class=\"elementor-button-content-wrapper\">\n\t\t\t\t\t\t\t\t\t<span class=\"elementor-button-text\">Revistas<\/span>\n\t\t\t\t\t<\/span>\n\t\t\t\t\t<\/a>\n\t\t\t\t<\/div>\n\t\t\t\t\t\t\t\t<\/div>\n\t\t\t\t<\/div>\n\t\t\t\t\t<\/div>\n\t\t<\/div>\n\t\t\t\t<div class=\"elementor-column elementor-col-16 elementor-inner-column elementor-element elementor-element-47809cd\" data-id=\"47809cd\" data-element_type=\"column\" data-e-type=\"column\">\n\t\t\t<div class=\"elementor-widget-wrap elementor-element-populated\">\n\t\t\t\t\t\t<div class=\"elementor-element elementor-element-af8a64c elementor-align-center full-btn elementor-widget elementor-widget-button\" data-id=\"af8a64c\" data-element_type=\"widget\" data-e-type=\"widget\" data-widget_type=\"button.default\">\n\t\t\t\t<div class=\"elementor-widget-container\">\n\t\t\t\t\t\t\t\t\t<div class=\"elementor-button-wrapper\">\n\t\t\t\t\t<a class=\"elementor-button elementor-button-link elementor-size-md\" href=\"\/neus-cslab\/actas\">\n\t\t\t\t\t\t<span class=\"elementor-button-content-wrapper\">\n\t\t\t\t\t\t\t\t\t<span class=\"elementor-button-text\">Actas congresos<\/span>\n\t\t\t\t\t<\/span>\n\t\t\t\t\t<\/a>\n\t\t\t\t<\/div>\n\t\t\t\t\t\t\t\t<\/div>\n\t\t\t\t<\/div>\n\t\t\t\t\t<\/div>\n\t\t<\/div>\n\t\t\t\t<div class=\"elementor-column elementor-col-16 elementor-inner-column elementor-element elementor-element-1862819\" data-id=\"1862819\" data-element_type=\"column\" data-e-type=\"column\">\n\t\t\t<div class=\"elementor-widget-wrap elementor-element-populated\">\n\t\t\t\t\t\t<div class=\"elementor-element elementor-element-c3d9f90 elementor-align-center full-btn elementor-widget elementor-widget-button\" data-id=\"c3d9f90\" data-element_type=\"widget\" data-e-type=\"widget\" data-widget_type=\"button.default\">\n\t\t\t\t<div class=\"elementor-widget-container\">\n\t\t\t\t\t\t\t\t\t<div class=\"elementor-button-wrapper\">\n\t\t\t\t\t<a class=\"elementor-button elementor-button-link elementor-size-md\" href=\"\/neus-cslab\/libros\">\n\t\t\t\t\t\t<span class=\"elementor-button-content-wrapper\">\n\t\t\t\t\t\t\t\t\t<span class=\"elementor-button-text\">libros<\/span>\n\t\t\t\t\t<\/span>\n\t\t\t\t\t<\/a>\n\t\t\t\t<\/div>\n\t\t\t\t\t\t\t\t<\/div>\n\t\t\t\t<\/div>\n\t\t\t\t\t<\/div>\n\t\t<\/div>\n\t\t\t\t<div class=\"elementor-column elementor-col-16 elementor-inner-column elementor-element elementor-element-b725f8f\" data-id=\"b725f8f\" data-element_type=\"column\" data-e-type=\"column\">\n\t\t\t<div class=\"elementor-widget-wrap elementor-element-populated\">\n\t\t\t\t\t\t<div class=\"elementor-element elementor-element-6edd183 elementor-align-center full-btn elementor-widget elementor-widget-button\" data-id=\"6edd183\" data-element_type=\"widget\" data-e-type=\"widget\" data-widget_type=\"button.default\">\n\t\t\t\t<div class=\"elementor-widget-container\">\n\t\t\t\t\t\t\t\t\t<div class=\"elementor-button-wrapper\">\n\t\t\t\t\t<a class=\"elementor-button elementor-button-link elementor-size-md\" href=\"\/neus-cslab\/cap-libros\">\n\t\t\t\t\t\t<span class=\"elementor-button-content-wrapper\">\n\t\t\t\t\t\t\t\t\t<span class=\"elementor-button-text\">Cap. libros<\/span>\n\t\t\t\t\t<\/span>\n\t\t\t\t\t<\/a>\n\t\t\t\t<\/div>\n\t\t\t\t\t\t\t\t<\/div>\n\t\t\t\t<\/div>\n\t\t\t\t\t<\/div>\n\t\t<\/div>\n\t\t\t\t<div class=\"elementor-column elementor-col-16 elementor-inner-column elementor-element elementor-element-5d46512\" data-id=\"5d46512\" data-element_type=\"column\" data-e-type=\"column\">\n\t\t\t<div class=\"elementor-widget-wrap elementor-element-populated\">\n\t\t\t\t\t\t\t<\/div>\n\t\t<\/div>\n\t\t\t\t<div class=\"elementor-column elementor-col-16 elementor-inner-column elementor-element elementor-element-f14a422\" data-id=\"f14a422\" data-element_type=\"column\" data-e-type=\"column\">\n\t\t\t<div class=\"elementor-widget-wrap elementor-element-populated\">\n\t\t\t\t\t\t\t<\/div>\n\t\t<\/div>\n\t\t\t\t\t<\/div>\n\t\t<\/section>\n\t\t\t\t\t<\/div>\n\t\t<\/div>\n\t\t\t\t\t<\/div>\n\t\t<\/section>\n\t\t\t\t<section class=\"elementor-section elementor-top-section elementor-element elementor-element-747344d5 elementor-section-boxed elementor-section-height-default elementor-section-height-default\" data-id=\"747344d5\" data-element_type=\"section\" data-e-type=\"section\">\n\t\t\t\t\t\t<div class=\"elementor-container elementor-column-gap-default\">\n\t\t\t\t\t<div class=\"elementor-column elementor-col-100 elementor-top-column elementor-element elementor-element-688fefa8\" data-id=\"688fefa8\" data-element_type=\"column\" data-e-type=\"column\">\n\t\t\t<div class=\"elementor-widget-wrap elementor-element-populated\">\n\t\t\t\t\t\t<div class=\"elementor-element elementor-element-625f073 elementor-widget elementor-widget-shortcode\" data-id=\"625f073\" data-element_type=\"widget\" data-e-type=\"widget\" data-widget_type=\"shortcode.default\">\n\t\t\t\t<div class=\"elementor-widget-container\">\n\t\t\t\t\t\t\t<div class=\"elementor-shortcode\"><div class=\"teachpress_pub_list\"><form name=\"tppublistform\" method=\"get\"><a name=\"tppubs\" id=\"tppubs\"><\/a><\/form><div class=\"teachpress_publication_list\"><h3 class=\"tp_h3\" id=\"tp_h3_2013\">2013<\/h3><div class=\"tp_publication tp_publication_book\"><div class=\"tp_pub_info\"><p class=\"tp_pub_author\"> D\u00edaz-Verdejo, Jes\u00fas E.;  Ortiz, Jorge Navarro;  Mu\u00f1oz, Juan J. Ramos<\/p><p class=\"tp_pub_title\">Actas de las XI Jornadas de Ingenier\u00eda Telem\u00e1tica (JITEL 2013) <span class=\"tp_pub_type tp_  book\">Libro<\/span> <\/p><p class=\"tp_pub_additional\"><span class=\"tp_pub_additional_year\">2013<\/span>, <span class=\"tp_pub_additional_isbn\">ISBN: 9788461655977<\/span>.<\/p><p class=\"tp_pub_menu\"><span class=\"tp_abstract_link\"><a id=\"tp_abstract_sh_290\" class=\"tp_show\" onclick=\"teachpress_pub_showhide('290','tp_abstract')\" title=\"Mostrar resumen\" style=\"cursor:pointer;\">Resumen<\/a><\/span> | <span class=\"tp_bibtex_link\"><a id=\"tp_bibtex_sh_290\" class=\"tp_show\" onclick=\"teachpress_pub_showhide('290','tp_bibtex')\" title=\"Mostrar entrada BibTeX \" style=\"cursor:pointer;\">BibTeX<\/a><\/span><\/p><div class=\"tp_bibtex\" id=\"tp_bibtex_290\" style=\"display:none;\"><div class=\"tp_bibtex_entry\"><pre>@book{Diaz-verdejo-actasjitel2013,<br \/>\r\ntitle = {Actas de las XI Jornadas de Ingenier\u00eda Telem\u00e1tica (JITEL 2013)},<br \/>\r\nauthor = {Jes\u00fas E. D\u00edaz-Verdejo and Jorge Navarro Ortiz and Juan J. Ramos Mu\u00f1oz},<br \/>\r\neditor = {Jes\u00fas E. D\u00edaz-Verdejo and Jorge Navarro Ortiz and Juan J. Ramos Mu\u00f1oz},<br \/>\r\nisbn = {9788461655977},<br \/>\r\nyear  = {2013},<br \/>\r\ndate = {2013-01-01},<br \/>\r\npages = {600},<br \/>\r\nabstract = {En esta ocasi\u00f3n, es la ciudad de Granada la encargada de servir de anfitriona a las XI Jornadas de Ingenier\u00eda Telem\u00e1tica (JITEL 2013), que se celebrar\u00e1n del 28 al 30 de octubre de 2013. Las Jornadas de Ingenier\u00eda Telem\u00e1tica (JITEL), organizadas por la Asociaci\u00f3n de Telem\u00e1tica (ATEL) y el Departamento de Teor\u00eda de Se\u00f1al, Telem\u00e1tica y Comunicaciones de la Universidad de Granada, constituyen un foro propicio de reuni\u00f3n, debate y divulgaci\u00f3n para los grupos que imparten docencia e investigan en temas relacionados con las redes y los servicios telem\u00e1ticos. Con la organizaci\u00f3n de este evento se pretende fomentar, por un lado el intercambio de experiencias y resultados, adem\u00e1s de la comunicaci\u00f3n y cooperaci\u00f3n entre los grupos de investigaci\u00f3n que trabajan en temas relacionados con la Telem\u00e1tica. Asimismo, en el marco de las jornadas, se organizar\u00e1n dos workshops, como son las Jornadas de Innovaci\u00f3n Educativa en Ingenier\u00eda Telem\u00e1tica (JIE), que alcanzan ya la tercera edici\u00f3n, siempre de la mano de JITEL, y Seguridad en redes inal\u00e1mbricas ad- hoc (SERIA), que se estrena en esta edici\u00f3n. Este libro recoge las contribuciones que fueron aceptadas para su presentaci\u00f3n en las jornadas. Cada una de las contribuciones fue sometida a un riguroso proceso de revisi\u00f3n, bajo la supervisi\u00f3n del Comit\u00e9 de Programa, en el que cada art\u00edculo obtuvo tres revisiones independientes. El programa se ha estructurado, de acuerdo a la tem\u00e1tica de las contribuciones, en 18 sesiones t\u00e9cnicas: 13 para JITEL, 3 para JIE y 2 para SERIA. Como punto de encuentro de investigadores y docentes, nos enorgullecemos de contar con la participaci\u00f3n y representaci\u00f3n de la mayor\u00eda de las universidades en las que el \u00e1rea de Ingenier\u00eda Telem\u00e1tica tiene presencia a nivel nacional, lo que garantiza el nivel cient\u00edfico-t\u00e9cnico de las jornadas as\u00ed como la consecuci\u00f3n de uno de los objetivos prioritarios: el siempre enriquecedor intercambio de ideas y el establecimiento de colaboraciones entre los participantes.},<br \/>\r\nkeywords = {},<br \/>\r\npubstate = {published},<br \/>\r\ntppubtype = {book}<br \/>\r\n}<br \/>\r\n<\/pre><\/div><p class=\"tp_close_menu\"><a class=\"tp_close\" onclick=\"teachpress_pub_showhide('290','tp_bibtex')\">Cerrar<\/a><\/p><\/div><div class=\"tp_abstract\" id=\"tp_abstract_290\" style=\"display:none;\"><div class=\"tp_abstract_entry\">En esta ocasi\u00f3n, es la ciudad de Granada la encargada de servir de anfitriona a las XI Jornadas de Ingenier\u00eda Telem\u00e1tica (JITEL 2013), que se celebrar\u00e1n del 28 al 30 de octubre de 2013. Las Jornadas de Ingenier\u00eda Telem\u00e1tica (JITEL), organizadas por la Asociaci\u00f3n de Telem\u00e1tica (ATEL) y el Departamento de Teor\u00eda de Se\u00f1al, Telem\u00e1tica y Comunicaciones de la Universidad de Granada, constituyen un foro propicio de reuni\u00f3n, debate y divulgaci\u00f3n para los grupos que imparten docencia e investigan en temas relacionados con las redes y los servicios telem\u00e1ticos. Con la organizaci\u00f3n de este evento se pretende fomentar, por un lado el intercambio de experiencias y resultados, adem\u00e1s de la comunicaci\u00f3n y cooperaci\u00f3n entre los grupos de investigaci\u00f3n que trabajan en temas relacionados con la Telem\u00e1tica. Asimismo, en el marco de las jornadas, se organizar\u00e1n dos workshops, como son las Jornadas de Innovaci\u00f3n Educativa en Ingenier\u00eda Telem\u00e1tica (JIE), que alcanzan ya la tercera edici\u00f3n, siempre de la mano de JITEL, y Seguridad en redes inal\u00e1mbricas ad- hoc (SERIA), que se estrena en esta edici\u00f3n. Este libro recoge las contribuciones que fueron aceptadas para su presentaci\u00f3n en las jornadas. Cada una de las contribuciones fue sometida a un riguroso proceso de revisi\u00f3n, bajo la supervisi\u00f3n del Comit\u00e9 de Programa, en el que cada art\u00edculo obtuvo tres revisiones independientes. El programa se ha estructurado, de acuerdo a la tem\u00e1tica de las contribuciones, en 18 sesiones t\u00e9cnicas: 13 para JITEL, 3 para JIE y 2 para SERIA. Como punto de encuentro de investigadores y docentes, nos enorgullecemos de contar con la participaci\u00f3n y representaci\u00f3n de la mayor\u00eda de las universidades en las que el \u00e1rea de Ingenier\u00eda Telem\u00e1tica tiene presencia a nivel nacional, lo que garantiza el nivel cient\u00edfico-t\u00e9cnico de las jornadas as\u00ed como la consecuci\u00f3n de uno de los objetivos prioritarios: el siempre enriquecedor intercambio de ideas y el establecimiento de colaboraciones entre los participantes.<\/div><p class=\"tp_close_menu\"><a class=\"tp_close\" onclick=\"teachpress_pub_showhide('290','tp_abstract')\">Cerrar<\/a><\/p><\/div><\/div><\/div><h3 class=\"tp_h3\" id=\"tp_h3_2008\">2008<\/h3><div class=\"tp_publication tp_publication_book\"><div class=\"tp_pub_info\"><p class=\"tp_pub_author\"> Edo, Mar\u00eda Bem\u00fadez;  Verdejo, Jes\u00fas Esteban D\u00edaz<\/p><p class=\"tp_pub_title\">Algoritmo de comparaci\u00f3n de sistemas de detecci\u00f3n de intrusos basados en anomalias <span class=\"tp_pub_type tp_  book\">Libro<\/span> <\/p><p class=\"tp_pub_additional\"><span class=\"tp_pub_additional_publisher\">Ed. Godel, <\/span><span class=\"tp_pub_additional_year\">2008<\/span>, <span class=\"tp_pub_additional_isbn\">ISBN: 978-84-96856-68-4<\/span>.<\/p><p class=\"tp_pub_menu\"><span class=\"tp_bibtex_link\"><a id=\"tp_bibtex_sh_323\" class=\"tp_show\" onclick=\"teachpress_pub_showhide('323','tp_bibtex')\" title=\"Mostrar entrada BibTeX \" style=\"cursor:pointer;\">BibTeX<\/a><\/span><\/p><div class=\"tp_bibtex\" id=\"tp_bibtex_323\" style=\"display:none;\"><div class=\"tp_bibtex_entry\"><pre>@book{MariaBermudezEdo2008,<br \/>\r\ntitle = {Algoritmo de comparaci\u00f3n de sistemas de detecci\u00f3n de intrusos basados en anomalias},<br \/>\r\nauthor = {Mar\u00eda Bem\u00fadez Edo and Jes\u00fas Esteban D\u00edaz Verdejo},<br \/>\r\nisbn = {978-84-96856-68-4},<br \/>\r\nyear  = {2008},<br \/>\r\ndate = {2008-01-01},<br \/>\r\npages = {63},<br \/>\r\npublisher = {Ed. Godel},<br \/>\r\nkeywords = {},<br \/>\r\npubstate = {published},<br \/>\r\ntppubtype = {book}<br \/>\r\n}<br \/>\r\n<\/pre><\/div><p class=\"tp_close_menu\"><a class=\"tp_close\" onclick=\"teachpress_pub_showhide('323','tp_bibtex')\">Cerrar<\/a><\/p><\/div><\/div><\/div><h3 class=\"tp_h3\" id=\"tp_h3_2006\">2006<\/h3><div class=\"tp_publication tp_publication_book\"><div class=\"tp_pub_info\"><p class=\"tp_pub_author\"> Maci\u00e1-Fern\u00e1ndez, G.;  D\u00edaz-Verdejo, J. E.;  Garc\u00eda-Teodoro, P.<\/p><p class=\"tp_pub_title\">Assessment of a vulnerability in iterative servers enabling low-rate DoS attacks <span class=\"tp_pub_type tp_  book\">Libro<\/span> <\/p><p class=\"tp_pub_additional\"><span class=\"tp_pub_additional_year\">2006<\/span>, <span class=\"tp_pub_additional_issn\">ISSN: 16113349<\/span>.<\/p><p class=\"tp_pub_menu\"><span class=\"tp_abstract_link\"><a id=\"tp_abstract_sh_335\" class=\"tp_show\" onclick=\"teachpress_pub_showhide('335','tp_abstract')\" title=\"Mostrar resumen\" style=\"cursor:pointer;\">Resumen<\/a><\/span> | <span class=\"tp_bibtex_link\"><a id=\"tp_bibtex_sh_335\" class=\"tp_show\" onclick=\"teachpress_pub_showhide('335','tp_bibtex')\" title=\"Mostrar entrada BibTeX \" style=\"cursor:pointer;\">BibTeX<\/a><\/span><\/p><div class=\"tp_bibtex\" id=\"tp_bibtex_335\" style=\"display:none;\"><div class=\"tp_bibtex_entry\"><pre>@book{Macia-Fernandez2006b,<br \/>\r\ntitle = {Assessment of a vulnerability in iterative servers enabling low-rate DoS attacks},<br \/>\r\nauthor = {G. Maci\u00e1-Fern\u00e1ndez and J. E. D\u00edaz-Verdejo and P. Garc\u00eda-Teodoro},<br \/>\r\nissn = {16113349},<br \/>\r\nyear  = {2006},<br \/>\r\ndate = {2006-01-01},<br \/>\r\nbooktitle = {Lecture Notes in Computer Science (including subseries Lecture Notes in Artificial Intelligence and Lecture Notes in Bioinformatics)},<br \/>\r\nvolume = {4189 LNCS},<br \/>\r\nabstract = {In this work, a vulnerability in iterative servers is described and exploited. The vulnerability is related to the possibility of acquiring some statistics about the time between two consecutive service responses generated by the server under the condition that the server has always requests to serve. By exploiting this knowledge, an intruder is able to carry out a DoS attack characterized by a relatively low-rate traffic destined to the server. Besides the presentation of the vulnerability, an implementation of the attack has been simulated and tested in a real environment. The results obtained show an important impact in the performance of the service provided by the server to legitimate users (DoS attack) while a low effort, in terms of volume of generated traffic, is necessary for the attacker. Besides, this attack compares favourably with a naive (brute-force) attack with the same traffic rate. Therefore, the proposed attack would easily pass through most of current IDSs, designed to detect high volumes of traffic. textcopyright Springer-Verlag Berlin Heidelberg 2006.},<br \/>\r\nkeywords = {},<br \/>\r\npubstate = {published},<br \/>\r\ntppubtype = {book}<br \/>\r\n}<br \/>\r\n<\/pre><\/div><p class=\"tp_close_menu\"><a class=\"tp_close\" onclick=\"teachpress_pub_showhide('335','tp_bibtex')\">Cerrar<\/a><\/p><\/div><div class=\"tp_abstract\" id=\"tp_abstract_335\" style=\"display:none;\"><div class=\"tp_abstract_entry\">In this work, a vulnerability in iterative servers is described and exploited. The vulnerability is related to the possibility of acquiring some statistics about the time between two consecutive service responses generated by the server under the condition that the server has always requests to serve. By exploiting this knowledge, an intruder is able to carry out a DoS attack characterized by a relatively low-rate traffic destined to the server. Besides the presentation of the vulnerability, an implementation of the attack has been simulated and tested in a real environment. The results obtained show an important impact in the performance of the service provided by the server to legitimate users (DoS attack) while a low effort, in terms of volume of generated traffic, is necessary for the attacker. Besides, this attack compares favourably with a naive (brute-force) attack with the same traffic rate. Therefore, the proposed attack would easily pass through most of current IDSs, designed to detect high volumes of traffic. textcopyright Springer-Verlag Berlin Heidelberg 2006.<\/div><p class=\"tp_close_menu\"><a class=\"tp_close\" onclick=\"teachpress_pub_showhide('335','tp_abstract')\">Cerrar<\/a><\/p><\/div><\/div><\/div><\/div><\/div><\/div>\n\t\t\t\t\t\t<\/div>\n\t\t\t\t<\/div>\n\t\t\t\t\t<\/div>\n\t\t<\/div>\n\t\t\t\t\t<\/div>\n\t\t<\/section>\n\t\t\t\t<\/div>\n\t\t","protected":false},"excerpt":{"rendered":"<p>Revistas Actas congresos libros Cap. libros<\/p>\n","protected":false},"author":1,"featured_media":0,"parent":908,"menu_order":2,"comment_status":"closed","ping_status":"closed","template":"","meta":{"ocean_post_layout":"full-width","ocean_both_sidebars_style":"","ocean_both_sidebars_content_width":0,"ocean_both_sidebars_sidebars_width":0,"ocean_sidebar":"0","ocean_second_sidebar":"0","ocean_disable_margins":"enable","ocean_add_body_class":"","ocean_shortcode_before_top_bar":"","ocean_shortcode_after_top_bar":"","ocean_shortcode_before_header":"","ocean_shortcode_after_header":"","ocean_has_shortcode":"","ocean_shortcode_after_title":"","ocean_shortcode_before_footer_widgets":"","ocean_shortcode_after_footer_widgets":"","ocean_shortcode_before_footer_bottom":"","ocean_shortcode_after_footer_bottom":"","ocean_display_top_bar":"default","ocean_display_header":"default","ocean_header_style":"","ocean_center_header_left_menu":"0","ocean_custom_header_template":"0","ocean_custom_logo":0,"ocean_custom_retina_logo":0,"ocean_custom_logo_max_width":0,"ocean_custom_logo_tablet_max_width":0,"ocean_custom_logo_mobile_max_width":0,"ocean_custom_logo_max_height":0,"ocean_custom_logo_tablet_max_height":0,"ocean_custom_logo_mobile_max_height":0,"ocean_header_custom_menu":"0","ocean_menu_typo_font_family":"0","ocean_menu_typo_font_subset":"","ocean_menu_typo_font_size":0,"ocean_menu_typo_font_size_tablet":0,"ocean_menu_typo_font_size_mobile":0,"ocean_menu_typo_font_size_unit":"px","ocean_menu_typo_font_weight":"","ocean_menu_typo_font_weight_tablet":"","ocean_menu_typo_font_weight_mobile":"","ocean_menu_typo_transform":"","ocean_menu_typo_transform_tablet":"","ocean_menu_typo_transform_mobile":"","ocean_menu_typo_line_height":0,"ocean_menu_typo_line_height_tablet":0,"ocean_menu_typo_line_height_mobile":0,"ocean_menu_typo_line_height_unit":"","ocean_menu_typo_spacing":0,"ocean_menu_typo_spacing_tablet":0,"ocean_menu_typo_spacing_mobile":0,"ocean_menu_typo_spacing_unit":"","ocean_menu_link_color":"","ocean_menu_link_color_hover":"","ocean_menu_link_color_active":"","ocean_menu_link_background":"","ocean_menu_link_hover_background":"","ocean_menu_link_active_background":"","ocean_menu_social_links_bg":"","ocean_menu_social_hover_links_bg":"","ocean_menu_social_links_color":"","ocean_menu_social_hover_links_color":"","ocean_disable_title":"default","ocean_disable_heading":"default","ocean_post_title":"","ocean_post_subheading":"","ocean_post_title_style":"","ocean_post_title_background_color":"","ocean_post_title_background":0,"ocean_post_title_bg_image_position":"","ocean_post_title_bg_image_attachment":"","ocean_post_title_bg_image_repeat":"","ocean_post_title_bg_image_size":"","ocean_post_title_height":0,"ocean_post_title_bg_overlay":0.5,"ocean_post_title_bg_overlay_color":"","ocean_disable_breadcrumbs":"default","ocean_breadcrumbs_color":"","ocean_breadcrumbs_separator_color":"","ocean_breadcrumbs_links_color":"","ocean_breadcrumbs_links_hover_color":"","ocean_display_footer_widgets":"default","ocean_display_footer_bottom":"default","ocean_custom_footer_template":"0","footnotes":""},"class_list":["post-1480","page","type-page","status-publish","hentry","entry"],"_links":{"self":[{"href":"https:\/\/dtstc.ugr.es\/neus-cslab\/wp-json\/wp\/v2\/pages\/1480","targetHints":{"allow":["GET"]}}],"collection":[{"href":"https:\/\/dtstc.ugr.es\/neus-cslab\/wp-json\/wp\/v2\/pages"}],"about":[{"href":"https:\/\/dtstc.ugr.es\/neus-cslab\/wp-json\/wp\/v2\/types\/page"}],"author":[{"embeddable":true,"href":"https:\/\/dtstc.ugr.es\/neus-cslab\/wp-json\/wp\/v2\/users\/1"}],"replies":[{"embeddable":true,"href":"https:\/\/dtstc.ugr.es\/neus-cslab\/wp-json\/wp\/v2\/comments?post=1480"}],"version-history":[{"count":3,"href":"https:\/\/dtstc.ugr.es\/neus-cslab\/wp-json\/wp\/v2\/pages\/1480\/revisions"}],"predecessor-version":[{"id":3473,"href":"https:\/\/dtstc.ugr.es\/neus-cslab\/wp-json\/wp\/v2\/pages\/1480\/revisions\/3473"}],"up":[{"embeddable":true,"href":"https:\/\/dtstc.ugr.es\/neus-cslab\/wp-json\/wp\/v2\/pages\/908"}],"wp:attachment":[{"href":"https:\/\/dtstc.ugr.es\/neus-cslab\/wp-json\/wp\/v2\/media?parent=1480"}],"curies":[{"name":"wp","href":"https:\/\/api.w.org\/{rel}","templated":true}]}}