{"id":1488,"date":"2023-04-11T09:03:16","date_gmt":"2023-04-11T07:03:16","guid":{"rendered":"https:\/\/dtstc.ugr.es\/neus-cslab\/?page_id=1488"},"modified":"2025-07-28T12:42:03","modified_gmt":"2025-07-28T10:42:03","slug":"cap-libros","status":"publish","type":"page","link":"https:\/\/dtstc.ugr.es\/neus-cslab\/publicaciones\/cap-libros\/","title":{"rendered":"Publicaciones &#8211; Cap\u00edtulos de libros"},"content":{"rendered":"\t\t<div data-elementor-type=\"wp-page\" data-elementor-id=\"1488\" class=\"elementor elementor-1488\">\n\t\t\t\t\t\t<section class=\"elementor-section elementor-top-section elementor-element elementor-element-8cabec4 elementor-section-boxed elementor-section-height-default elementor-section-height-default\" data-id=\"8cabec4\" data-element_type=\"section\" data-e-type=\"section\">\n\t\t\t\t\t\t<div class=\"elementor-container elementor-column-gap-default\">\n\t\t\t\t\t<div class=\"elementor-column elementor-col-100 elementor-top-column elementor-element elementor-element-08216ed\" data-id=\"08216ed\" data-element_type=\"column\" data-e-type=\"column\">\n\t\t\t<div class=\"elementor-widget-wrap elementor-element-populated\">\n\t\t\t\t\t\t<section class=\"elementor-section elementor-inner-section elementor-element elementor-element-9500728 elementor-section-boxed elementor-section-height-default elementor-section-height-default\" data-id=\"9500728\" data-element_type=\"section\" data-e-type=\"section\">\n\t\t\t\t\t\t<div class=\"elementor-container elementor-column-gap-default\">\n\t\t\t\t\t<div class=\"elementor-column elementor-col-16 elementor-inner-column elementor-element elementor-element-d3dfd7c\" data-id=\"d3dfd7c\" data-element_type=\"column\" data-e-type=\"column\">\n\t\t\t<div class=\"elementor-widget-wrap elementor-element-populated\">\n\t\t\t\t\t\t<div class=\"elementor-element elementor-element-0261190 elementor-align-center full-btn elementor-widget elementor-widget-button\" data-id=\"0261190\" data-element_type=\"widget\" data-e-type=\"widget\" data-widget_type=\"button.default\">\n\t\t\t\t<div class=\"elementor-widget-container\">\n\t\t\t\t\t\t\t\t\t<div class=\"elementor-button-wrapper\">\n\t\t\t\t\t<a class=\"elementor-button elementor-button-link elementor-size-md\" href=\"\/neus-cslab\/revistas\">\n\t\t\t\t\t\t<span class=\"elementor-button-content-wrapper\">\n\t\t\t\t\t\t\t\t\t<span class=\"elementor-button-text\">Revistas<\/span>\n\t\t\t\t\t<\/span>\n\t\t\t\t\t<\/a>\n\t\t\t\t<\/div>\n\t\t\t\t\t\t\t\t<\/div>\n\t\t\t\t<\/div>\n\t\t\t\t\t<\/div>\n\t\t<\/div>\n\t\t\t\t<div class=\"elementor-column elementor-col-16 elementor-inner-column elementor-element elementor-element-47809cd\" data-id=\"47809cd\" data-element_type=\"column\" data-e-type=\"column\">\n\t\t\t<div class=\"elementor-widget-wrap elementor-element-populated\">\n\t\t\t\t\t\t<div class=\"elementor-element elementor-element-af8a64c elementor-align-center full-btn elementor-widget elementor-widget-button\" data-id=\"af8a64c\" data-element_type=\"widget\" data-e-type=\"widget\" data-widget_type=\"button.default\">\n\t\t\t\t<div class=\"elementor-widget-container\">\n\t\t\t\t\t\t\t\t\t<div class=\"elementor-button-wrapper\">\n\t\t\t\t\t<a class=\"elementor-button elementor-button-link elementor-size-md\" href=\"\/neus-cslab\/actas\">\n\t\t\t\t\t\t<span class=\"elementor-button-content-wrapper\">\n\t\t\t\t\t\t\t\t\t<span class=\"elementor-button-text\">Actas congresos<\/span>\n\t\t\t\t\t<\/span>\n\t\t\t\t\t<\/a>\n\t\t\t\t<\/div>\n\t\t\t\t\t\t\t\t<\/div>\n\t\t\t\t<\/div>\n\t\t\t\t\t<\/div>\n\t\t<\/div>\n\t\t\t\t<div class=\"elementor-column elementor-col-16 elementor-inner-column elementor-element elementor-element-1862819\" data-id=\"1862819\" data-element_type=\"column\" data-e-type=\"column\">\n\t\t\t<div class=\"elementor-widget-wrap elementor-element-populated\">\n\t\t\t\t\t\t<div class=\"elementor-element elementor-element-c3d9f90 elementor-align-center full-btn elementor-widget elementor-widget-button\" data-id=\"c3d9f90\" data-element_type=\"widget\" data-e-type=\"widget\" data-widget_type=\"button.default\">\n\t\t\t\t<div class=\"elementor-widget-container\">\n\t\t\t\t\t\t\t\t\t<div class=\"elementor-button-wrapper\">\n\t\t\t\t\t<a class=\"elementor-button elementor-button-link elementor-size-md\" href=\"\/neus-cslab\/libros\">\n\t\t\t\t\t\t<span class=\"elementor-button-content-wrapper\">\n\t\t\t\t\t\t\t\t\t<span class=\"elementor-button-text\">libros<\/span>\n\t\t\t\t\t<\/span>\n\t\t\t\t\t<\/a>\n\t\t\t\t<\/div>\n\t\t\t\t\t\t\t\t<\/div>\n\t\t\t\t<\/div>\n\t\t\t\t\t<\/div>\n\t\t<\/div>\n\t\t\t\t<div class=\"elementor-column elementor-col-16 elementor-inner-column elementor-element elementor-element-b725f8f\" data-id=\"b725f8f\" data-element_type=\"column\" data-e-type=\"column\">\n\t\t\t<div class=\"elementor-widget-wrap elementor-element-populated\">\n\t\t\t\t\t\t<div class=\"elementor-element elementor-element-6edd183 elementor-align-center full-btn elementor-widget elementor-widget-button\" data-id=\"6edd183\" data-element_type=\"widget\" data-e-type=\"widget\" data-widget_type=\"button.default\">\n\t\t\t\t<div class=\"elementor-widget-container\">\n\t\t\t\t\t\t\t\t\t<div class=\"elementor-button-wrapper\">\n\t\t\t\t\t<a class=\"elementor-button elementor-button-link elementor-size-md\" href=\"\/neus-cslab\/cap-libros\">\n\t\t\t\t\t\t<span class=\"elementor-button-content-wrapper\">\n\t\t\t\t\t\t\t\t\t<span class=\"elementor-button-text\">Cap. libros<\/span>\n\t\t\t\t\t<\/span>\n\t\t\t\t\t<\/a>\n\t\t\t\t<\/div>\n\t\t\t\t\t\t\t\t<\/div>\n\t\t\t\t<\/div>\n\t\t\t\t\t<\/div>\n\t\t<\/div>\n\t\t\t\t<div class=\"elementor-column elementor-col-16 elementor-inner-column elementor-element elementor-element-5d46512\" data-id=\"5d46512\" data-element_type=\"column\" data-e-type=\"column\">\n\t\t\t<div class=\"elementor-widget-wrap elementor-element-populated\">\n\t\t\t\t\t\t\t<\/div>\n\t\t<\/div>\n\t\t\t\t<div class=\"elementor-column elementor-col-16 elementor-inner-column elementor-element elementor-element-f14a422\" data-id=\"f14a422\" data-element_type=\"column\" data-e-type=\"column\">\n\t\t\t<div class=\"elementor-widget-wrap elementor-element-populated\">\n\t\t\t\t\t\t\t<\/div>\n\t\t<\/div>\n\t\t\t\t\t<\/div>\n\t\t<\/section>\n\t\t\t\t\t<\/div>\n\t\t<\/div>\n\t\t\t\t\t<\/div>\n\t\t<\/section>\n\t\t\t\t<section class=\"elementor-section elementor-top-section elementor-element elementor-element-747344d5 elementor-section-boxed elementor-section-height-default elementor-section-height-default\" data-id=\"747344d5\" data-element_type=\"section\" data-e-type=\"section\">\n\t\t\t\t\t\t<div class=\"elementor-container elementor-column-gap-default\">\n\t\t\t\t\t<div class=\"elementor-column elementor-col-100 elementor-top-column elementor-element elementor-element-688fefa8\" data-id=\"688fefa8\" data-element_type=\"column\" data-e-type=\"column\">\n\t\t\t<div class=\"elementor-widget-wrap elementor-element-populated\">\n\t\t\t\t\t\t<div class=\"elementor-element elementor-element-625f073 elementor-widget elementor-widget-shortcode\" data-id=\"625f073\" data-element_type=\"widget\" data-e-type=\"widget\" data-widget_type=\"shortcode.default\">\n\t\t\t\t<div class=\"elementor-widget-container\">\n\t\t\t\t\t\t\t<div class=\"elementor-shortcode\"><div class=\"teachpress_pub_list\"><form name=\"tppublistform\" method=\"get\"><a name=\"tppubs\" id=\"tppubs\"><\/a><\/form><div class=\"teachpress_publication_list\"><h3 class=\"tp_h3\" id=\"tp_h3_2014\">2014<\/h3><div class=\"tp_publication tp_publication_incollection\"><div class=\"tp_pub_info\"><p class=\"tp_pub_author\"> S\u00e1nchez-Casado, Leovigildo;  Mag\u00e1n-Carri\u00f3n, Roberto;  Garc\u00eda-Teodoro, Pedro;  D\u00edaz-Verdejo, J.<\/p><p class=\"tp_pub_title\"><a class=\"tp_title_link\" onclick=\"teachpress_pub_showhide('288','tp_links')\" style=\"cursor:pointer;\">Defenses against Packet-Dropping Attacks in Wireless Multihop Ad Hoc Networks<\/a> <span class=\"tp_pub_type tp_  incollection\">Book Section<\/span> <\/p><p class=\"tp_pub_additional\"><span class=\"tp_pub_additional_in\">En: <\/span><span class=\"tp_pub_additional_booktitle\">Security for Multihop Wireless Networks, <\/span><span class=\"tp_pub_additional_pages\">pp. 377\u2013400, <\/span><span class=\"tp_pub_additional_publisher\">CRC Press, <\/span><span class=\"tp_pub_additional_year\">2014<\/span>, <span class=\"tp_pub_additional_isbn\">ISBN: 978-14-665-7803-6<\/span>.<\/p><p class=\"tp_pub_menu\"><span class=\"tp_resource_link\"><a id=\"tp_links_sh_288\" class=\"tp_show\" onclick=\"teachpress_pub_showhide('288','tp_links')\" title=\"Mostrar enlaces y recursos\" style=\"cursor:pointer;\">Enlaces<\/a><\/span> | <span class=\"tp_bibtex_link\"><a id=\"tp_bibtex_sh_288\" class=\"tp_show\" onclick=\"teachpress_pub_showhide('288','tp_bibtex')\" title=\"Mostrar entrada BibTeX \" style=\"cursor:pointer;\">BibTeX<\/a><\/span><\/p><div class=\"tp_bibtex\" id=\"tp_bibtex_288\" style=\"display:none;\"><div class=\"tp_bibtex_entry\"><pre>@incollection{Sanchez-Casado2014,<br \/>\r\ntitle = {Defenses against Packet-Dropping Attacks in Wireless Multihop Ad Hoc Networks},<br \/>\r\nauthor = {Leovigildo S\u00e1nchez-Casado and Roberto Mag\u00e1n-Carri\u00f3n and Pedro Garc\u00eda-Teodoro and J. D\u00edaz-Verdejo},<br \/>\r\nurl = {https:\/\/books.google.es\/books?hl=es&lr=&id=aRYyAwAAQBAJ&oi=fnd&pg=PA377&dq=Defenses+Against+Packet+Dropping+Attacks+in+Wireless+Multihop+Ad+Hoc+Networks&ots=tVj4pCKXBL&sig=pm0k5bVDwfifhd1fDnLgmYN9ZeA},<br \/>\r\ndoi = {10.1201\/b16754-18},<br \/>\r\nisbn = {978-14-665-7803-6},<br \/>\r\nyear  = {2014},<br \/>\r\ndate = {2014-01-01},<br \/>\r\nbooktitle = {Security for Multihop Wireless Networks},<br \/>\r\npages = {377--400},<br \/>\r\npublisher = {CRC Press},<br \/>\r\nkeywords = {},<br \/>\r\npubstate = {published},<br \/>\r\ntppubtype = {incollection}<br \/>\r\n}<br \/>\r\n<\/pre><\/div><p class=\"tp_close_menu\"><a class=\"tp_close\" onclick=\"teachpress_pub_showhide('288','tp_bibtex')\">Cerrar<\/a><\/p><\/div><div class=\"tp_links\" id=\"tp_links_288\" style=\"display:none;\"><div class=\"tp_links_entry\"><ul class=\"tp_pub_list\"><li><i class=\"fas fa-globe\"><\/i><a class=\"tp_pub_list\" href=\"https:\/\/books.google.es\/books?hl=es&amp;lr=&amp;id=aRYyAwAAQBAJ&amp;oi=fnd&amp;pg=PA377&amp;dq=Defenses+Against+Packet+Dropping+Attacks+in+Wireless+Multihop+Ad+Hoc+Networks&amp;ots=tVj4pCKXBL&amp;sig=pm0k5bVDwfifhd1fDnLgmYN9ZeA\" title=\"https:\/\/books.google.es\/books?hl=es&amp;lr=&amp;id=aRYyAwAAQBAJ&amp;oi=fnd&amp;p[...]\" target=\"_blank\">https:\/\/books.google.es\/books?hl=es&amp;lr=&amp;id=aRYyAwAAQBAJ&amp;oi=fnd&amp;p[...]<\/a><\/li><li><i class=\"ai ai-doi\"><\/i><a class=\"tp_pub_list\" href=\"https:\/\/dx.doi.org\/10.1201\/b16754-18\" title=\"DOI de seguimiento:10.1201\/b16754-18\" target=\"_blank\">doi:10.1201\/b16754-18<\/a><\/li><\/ul><\/div><p class=\"tp_close_menu\"><a class=\"tp_close\" onclick=\"teachpress_pub_showhide('288','tp_links')\">Cerrar<\/a><\/p><\/div><\/div><\/div><h3 class=\"tp_h3\" id=\"tp_h3_2004\">2004<\/h3><div class=\"tp_publication tp_publication_incollection\"><div class=\"tp_pub_info\"><p class=\"tp_pub_author\"> Tapiador, Juan Manuel Est\u00e9vez;  Verdejo, Jes\u00fas E. D\u00edaz;  Teodoro, Pedro Garc\u00eda<\/p><p class=\"tp_pub_title\"><a class=\"tp_title_link\" onclick=\"teachpress_pub_showhide('350','tp_links')\" style=\"cursor:pointer;\">Detecci\u00f3n geom\u00e9trica basada en anomal\u00edas de ataques sobre HTTP<\/a> <span class=\"tp_pub_type tp_  incollection\">Book Section<\/span> <\/p><p class=\"tp_pub_additional\"><span class=\"tp_pub_additional_in\">En: <\/span><span class=\"tp_pub_additional_booktitle\">Avances en Criptolog\u00eda y Seguridad de la Informaci\u00f3n, <\/span><span class=\"tp_pub_additional_pages\">pp. 455\u2013465, <\/span><span class=\"tp_pub_additional_publisher\">D\u00edaz de Santos, <\/span><span class=\"tp_pub_additional_year\">2004<\/span>, <span class=\"tp_pub_additional_isbn\">ISBN: 84-7978-650-7<\/span>.<\/p><p class=\"tp_pub_menu\"><span class=\"tp_abstract_link\"><a id=\"tp_abstract_sh_350\" class=\"tp_show\" onclick=\"teachpress_pub_showhide('350','tp_abstract')\" title=\"Mostrar resumen\" style=\"cursor:pointer;\">Resumen<\/a><\/span> | <span class=\"tp_resource_link\"><a id=\"tp_links_sh_350\" class=\"tp_show\" onclick=\"teachpress_pub_showhide('350','tp_links')\" title=\"Mostrar enlaces y recursos\" style=\"cursor:pointer;\">Enlaces<\/a><\/span> | <span class=\"tp_bibtex_link\"><a id=\"tp_bibtex_sh_350\" class=\"tp_show\" onclick=\"teachpress_pub_showhide('350','tp_bibtex')\" title=\"Mostrar entrada BibTeX \" style=\"cursor:pointer;\">BibTeX<\/a><\/span><\/p><div class=\"tp_bibtex\" id=\"tp_bibtex_350\" style=\"display:none;\"><div class=\"tp_bibtex_entry\"><pre>@incollection{EstevezTapiador2004,<br \/>\r\ntitle = {Detecci\u00f3n geom\u00e9trica basada en anomal\u00edas de ataques sobre HTTP},<br \/>\r\nauthor = {Juan Manuel Est\u00e9vez Tapiador and Jes\u00fas E. D\u00edaz Verdejo and Pedro Garc\u00eda Teodoro},<br \/>\r\nurl = {https:\/\/dialnet.unirioja.es\/servlet\/articulo?codigo=6185220},<br \/>\r\nisbn = {84-7978-650-7},<br \/>\r\nyear  = {2004},<br \/>\r\ndate = {2004-01-01},<br \/>\r\nbooktitle = {Avances en Criptolog\u00eda y Seguridad de la Informaci\u00f3n},<br \/>\r\npages = {455--465},<br \/>\r\npublisher = {D\u00edaz de Santos},<br \/>\r\nabstract = {En este cap\u00edtulo se presenta un esquema basado en anomal\u00edas para la detecci\u00f3n de intrusiones en red en la capa de aplicac i\u00f3n. La idcntificaci\u00f3n de tr\u00e1fico an\u00f3malo y potencialmcnte peligroso se realiza a trav\u00e9s de un m\u00e9todo geom\u00e9trico fundamentado en el modelado de secuencias cortas de bytes adyacentcs en la carga \u00fatil dc los paquetes entrantes al servicio. Los experimentos realizados sobre tr\u00e1fi co HTTP evidencian que el csquema propuesto permite la construcci\u00f3n de detectores de altas prestaciones. Debido a la inherente complejidad del modelo b\u00e1sico derivado, seguidamente se introduce una versi\u00f3n mejorada del mismo basada en el empleo de una adaptaci\u00f3n del algori tmo de clustering k-medias. El modelo reducido muestra una mejora sustancial en la eficicncia computacional del proceso de detecci\u00f3n, al tiempo que se mantienen las prestaciones de \u00e9ste.},<br \/>\r\nkeywords = {},<br \/>\r\npubstate = {published},<br \/>\r\ntppubtype = {incollection}<br \/>\r\n}<br \/>\r\n<\/pre><\/div><p class=\"tp_close_menu\"><a class=\"tp_close\" onclick=\"teachpress_pub_showhide('350','tp_bibtex')\">Cerrar<\/a><\/p><\/div><div class=\"tp_abstract\" id=\"tp_abstract_350\" style=\"display:none;\"><div class=\"tp_abstract_entry\">En este cap\u00edtulo se presenta un esquema basado en anomal\u00edas para la detecci\u00f3n de intrusiones en red en la capa de aplicac i\u00f3n. La idcntificaci\u00f3n de tr\u00e1fico an\u00f3malo y potencialmcnte peligroso se realiza a trav\u00e9s de un m\u00e9todo geom\u00e9trico fundamentado en el modelado de secuencias cortas de bytes adyacentcs en la carga \u00fatil dc los paquetes entrantes al servicio. Los experimentos realizados sobre tr\u00e1fi co HTTP evidencian que el csquema propuesto permite la construcci\u00f3n de detectores de altas prestaciones. Debido a la inherente complejidad del modelo b\u00e1sico derivado, seguidamente se introduce una versi\u00f3n mejorada del mismo basada en el empleo de una adaptaci\u00f3n del algori tmo de clustering k-medias. El modelo reducido muestra una mejora sustancial en la eficicncia computacional del proceso de detecci\u00f3n, al tiempo que se mantienen las prestaciones de \u00e9ste.<\/div><p class=\"tp_close_menu\"><a class=\"tp_close\" onclick=\"teachpress_pub_showhide('350','tp_abstract')\">Cerrar<\/a><\/p><\/div><div class=\"tp_links\" id=\"tp_links_350\" style=\"display:none;\"><div class=\"tp_links_entry\"><ul class=\"tp_pub_list\"><li><i class=\"fas fa-globe\"><\/i><a class=\"tp_pub_list\" href=\"https:\/\/dialnet.unirioja.es\/servlet\/articulo?codigo=6185220\" title=\"https:\/\/dialnet.unirioja.es\/servlet\/articulo?codigo=6185220\" target=\"_blank\">https:\/\/dialnet.unirioja.es\/servlet\/articulo?codigo=6185220<\/a><\/li><\/ul><\/div><p class=\"tp_close_menu\"><a class=\"tp_close\" onclick=\"teachpress_pub_showhide('350','tp_links')\">Cerrar<\/a><\/p><\/div><\/div><\/div><\/div><\/div><\/div>\n\t\t\t\t\t\t<\/div>\n\t\t\t\t<\/div>\n\t\t\t\t\t<\/div>\n\t\t<\/div>\n\t\t\t\t\t<\/div>\n\t\t<\/section>\n\t\t\t\t<\/div>\n\t\t","protected":false},"excerpt":{"rendered":"<p>Revistas Actas congresos libros Cap. libros<\/p>\n","protected":false},"author":1,"featured_media":0,"parent":908,"menu_order":2,"comment_status":"closed","ping_status":"closed","template":"","meta":{"ocean_post_layout":"full-width","ocean_both_sidebars_style":"","ocean_both_sidebars_content_width":0,"ocean_both_sidebars_sidebars_width":0,"ocean_sidebar":"0","ocean_second_sidebar":"0","ocean_disable_margins":"enable","ocean_add_body_class":"","ocean_shortcode_before_top_bar":"","ocean_shortcode_after_top_bar":"","ocean_shortcode_before_header":"","ocean_shortcode_after_header":"","ocean_has_shortcode":"","ocean_shortcode_after_title":"","ocean_shortcode_before_footer_widgets":"","ocean_shortcode_after_footer_widgets":"","ocean_shortcode_before_footer_bottom":"","ocean_shortcode_after_footer_bottom":"","ocean_display_top_bar":"default","ocean_display_header":"default","ocean_header_style":"","ocean_center_header_left_menu":"0","ocean_custom_header_template":"0","ocean_custom_logo":0,"ocean_custom_retina_logo":0,"ocean_custom_logo_max_width":0,"ocean_custom_logo_tablet_max_width":0,"ocean_custom_logo_mobile_max_width":0,"ocean_custom_logo_max_height":0,"ocean_custom_logo_tablet_max_height":0,"ocean_custom_logo_mobile_max_height":0,"ocean_header_custom_menu":"0","ocean_menu_typo_font_family":"0","ocean_menu_typo_font_subset":"","ocean_menu_typo_font_size":0,"ocean_menu_typo_font_size_tablet":0,"ocean_menu_typo_font_size_mobile":0,"ocean_menu_typo_font_size_unit":"px","ocean_menu_typo_font_weight":"","ocean_menu_typo_font_weight_tablet":"","ocean_menu_typo_font_weight_mobile":"","ocean_menu_typo_transform":"","ocean_menu_typo_transform_tablet":"","ocean_menu_typo_transform_mobile":"","ocean_menu_typo_line_height":0,"ocean_menu_typo_line_height_tablet":0,"ocean_menu_typo_line_height_mobile":0,"ocean_menu_typo_line_height_unit":"","ocean_menu_typo_spacing":0,"ocean_menu_typo_spacing_tablet":0,"ocean_menu_typo_spacing_mobile":0,"ocean_menu_typo_spacing_unit":"","ocean_menu_link_color":"","ocean_menu_link_color_hover":"","ocean_menu_link_color_active":"","ocean_menu_link_background":"","ocean_menu_link_hover_background":"","ocean_menu_link_active_background":"","ocean_menu_social_links_bg":"","ocean_menu_social_hover_links_bg":"","ocean_menu_social_links_color":"","ocean_menu_social_hover_links_color":"","ocean_disable_title":"default","ocean_disable_heading":"default","ocean_post_title":"","ocean_post_subheading":"","ocean_post_title_style":"","ocean_post_title_background_color":"","ocean_post_title_background":0,"ocean_post_title_bg_image_position":"","ocean_post_title_bg_image_attachment":"","ocean_post_title_bg_image_repeat":"","ocean_post_title_bg_image_size":"","ocean_post_title_height":0,"ocean_post_title_bg_overlay":0.5,"ocean_post_title_bg_overlay_color":"","ocean_disable_breadcrumbs":"default","ocean_breadcrumbs_color":"","ocean_breadcrumbs_separator_color":"","ocean_breadcrumbs_links_color":"","ocean_breadcrumbs_links_hover_color":"","ocean_display_footer_widgets":"default","ocean_display_footer_bottom":"default","ocean_custom_footer_template":"0","footnotes":""},"class_list":["post-1488","page","type-page","status-publish","hentry","entry"],"_links":{"self":[{"href":"https:\/\/dtstc.ugr.es\/neus-cslab\/wp-json\/wp\/v2\/pages\/1488","targetHints":{"allow":["GET"]}}],"collection":[{"href":"https:\/\/dtstc.ugr.es\/neus-cslab\/wp-json\/wp\/v2\/pages"}],"about":[{"href":"https:\/\/dtstc.ugr.es\/neus-cslab\/wp-json\/wp\/v2\/types\/page"}],"author":[{"embeddable":true,"href":"https:\/\/dtstc.ugr.es\/neus-cslab\/wp-json\/wp\/v2\/users\/1"}],"replies":[{"embeddable":true,"href":"https:\/\/dtstc.ugr.es\/neus-cslab\/wp-json\/wp\/v2\/comments?post=1488"}],"version-history":[{"count":4,"href":"https:\/\/dtstc.ugr.es\/neus-cslab\/wp-json\/wp\/v2\/pages\/1488\/revisions"}],"predecessor-version":[{"id":3480,"href":"https:\/\/dtstc.ugr.es\/neus-cslab\/wp-json\/wp\/v2\/pages\/1488\/revisions\/3480"}],"up":[{"embeddable":true,"href":"https:\/\/dtstc.ugr.es\/neus-cslab\/wp-json\/wp\/v2\/pages\/908"}],"wp:attachment":[{"href":"https:\/\/dtstc.ugr.es\/neus-cslab\/wp-json\/wp\/v2\/media?parent=1488"}],"curies":[{"name":"wp","href":"https:\/\/api.w.org\/{rel}","templated":true}]}}